{"id":1412,"date":"2020-02-19T20:20:38","date_gmt":"2020-02-19T20:20:38","guid":{"rendered":"https:\/\/agercasamons.com\/condiciones\/"},"modified":"2025-02-07T17:04:29","modified_gmt":"2025-02-07T17:04:29","slug":"condiciones","status":"publish","type":"page","link":"https:\/\/agercasamons.com\/ca\/condiciones\/","title":{"rendered":"Condicions"},"content":{"rendered":"<p>[vc_row margin_top=&#8221;-30&#8243;][vc_column]<style type=\"text\/css\" data-type=\"the7_shortcodes-inline-css\">.dt-breadcrumbs-id-079c4da5c1d886a0801399ffd3938b5a .breadcrumbs {\n  display: inline-block;\n  margin: 0;\n  padding: 2px 10px 2px 10px;\n  background: #ffffff;\n  border: 0px solid ;\n  border-radius: 0px;\n}\n.dt-breadcrumbs-id-079c4da5c1d886a0801399ffd3938b5a .breadcrumbs * {\n  text-transform: uppercase;\n  color: #a2a5a6;\n}\n<\/style><div class=\"dt-breadcrumbs-shortcode dt-breadcrumbs-id-079c4da5c1d886a0801399ffd3938b5a align-left\"><div class=\"assistive-text\">You are here:<\/div><ol class=\"breadcrumbs text-small\" itemscope itemtype=\"https:\/\/schema.org\/BreadcrumbList\"><li itemprop=\"itemListElement\" itemscope itemtype=\"https:\/\/schema.org\/ListItem\"><a itemprop=\"item\" href=\"https:\/\/agercasamons.com\/ca\/\" title=\"Home\"><span itemprop=\"name\">Home<\/span><\/a><meta itemprop=\"position\" content=\"1\" \/><\/li><li class=\"current\" itemprop=\"itemListElement\" itemscope itemtype=\"https:\/\/schema.org\/ListItem\"><span itemprop=\"name\">P\u00e0gina<\/span><meta itemprop=\"position\" content=\"2\" \/><\/li><\/ol><\/div>[vc_empty_space height=&#8221;30px&#8221;]<div class=\"dt-fancy-separator h2-size\" style=\"width: 100%;\"><div class=\"dt-fancy-title\" style=\"color: #000000;\"><span class=\"separator-holder separator-left\"><\/span>Condicions<span class=\"separator-holder separator-right\"><\/span><\/div><\/div>[vc_empty_space height=&#8221;35px&#8221;][\/vc_column][\/vc_row][vc_row][vc_column css=&#8221;.vc_custom_1582143587851{padding-right: 10% !important;padding-left: 10% !important;}&#8221;][vc_column_text]- El preu \u00e9s habitaci\u00f3 per nit<br \/>\n&#8211; Inclou taxa tur\u00edstica<br \/>\n&#8211; No s&#8217;admet targeta de cr\u00e8dit<br \/>\n&#8211; L&#8217;entrada \u00e9s a partir de les\u00a014h\u00a0fins a les\u00a021h\u00a0aproximadament<br \/>\n&#8211; La sortida \u00e9s m\u00e0xim a les\u00a012h<br \/>\n&#8211; Dies de pont: m\u00ednim dues nits<br \/>\n&#8211; Nens de menys de 3 anys no paguen allotjament<br \/>\n&#8211; S&#8217;admeten mascotes (la taxa ser\u00e0 de 10\u20ac\/dia) (consultar condicions)<\/p>\n<ul>\n<li style=\"list-style-type: none;\">\n<ul>\n<li>En fer la reserva s&#8217;ha d&#8217;especificar si es ve amb mascota<\/li>\n<li>S&#8217;admet una mascota a la casa. Aix\u00f2 vol dir que, si un altre hoste ha reservat abans, no s&#8217;admet una altra mascota d&#8217;un altre hoste (volem evitar problemes entre altres mascotes i mol\u00e8sties)<\/li>\n<li>La pol\u00edtica de mascotes ser\u00e0 molt estricta:<\/li>\n<li>no es poden deixar soles a l&#8217;habitaci\u00f3, no poden anar a les zones comunes, no es poden banyar a les dutxes ni assecar-les amb les tovalloles de la casa<\/li>\n<li>Han de portar totes les vacunes i antipar\u00e0sits al dia<\/li>\n<li>Han d&#8217;anar lligades en entrar i sortir de la casa<\/li>\n<li>Entenem que els propietaris seran respectuosos amb el lloc on s&#8217;allotgen i amb els altres hostes i actuessin en conseq\u00fc\u00e8ncia<\/li>\n<\/ul>\n<\/li>\n<\/ul>\n<p>&#8211; Pol\u00edtica de reserva:<\/p>\n<ul>\n<li style=\"list-style-type: none;\">\n<ul>\n<li>Es demanar\u00e0 un 30% de dip\u00f2sit per a fer efectiva la reserva<\/li>\n<li>En cas de no venir o cancel\u00b7laci\u00f3 el mateix dia, ens reservem el dret de no retorn de dita diposito en concepte de perjudici<\/li>\n<li>Si es fa una anul\u00b7laci\u00f3 amb 15 dies d&#8217;antelaci\u00f3, es retornar\u00e0 el 50%<\/li>\n<\/ul>\n<\/li>\n<\/ul>\n<p>&#8211; Condicions de la casa:<\/p>\n<ul>\n<li style=\"list-style-type: none;\">\n<ul>\n<li>No est\u00e0 perm\u00e8s fumar en tota la casa<\/li>\n<li>Per a esmorzars i sopars consultar<\/li>\n<\/ul>\n<\/li>\n<\/ul>\n<p>[\/vc_column_text][\/vc_column][\/vc_row]<\/p>\n","protected":false},"excerpt":{"rendered":"<p>[vc_row margin_top=&#8221;-30&#8243;][vc_column][vc_empty_space height=&#8221;30px&#8221;][vc_empty_space height=&#8221;35px&#8221;][\/vc_column][\/vc_row][vc_row][vc_column css=&#8221;.vc_custom_1582143587851{padding-right: 10% !important;padding-left: 10% !important;}&#8221;][vc_column_text]- El preu \u00e9s habitaci\u00f3 per nit &#8211; Inclou taxa tur\u00edstica &#8211; No s&#8217;admet targeta de cr\u00e8dit &#8211; L&#8217;entrada \u00e9s a partir de les\u00a014h\u00a0fins a les\u00a021h\u00a0aproximadament &#8211; La sortida \u00e9s m\u00e0xim a les\u00a012h &#8211; Dies de pont: m\u00ednim dues nits &#8211; Nens de menys de 3 anys&hellip;<\/p>\n","protected":false},"author":1,"featured_media":0,"parent":0,"menu_order":0,"comment_status":"closed","ping_status":"closed","template":"","meta":{"footnotes":""},"class_list":["post-1412","page","type-page","status-publish","hentry","description-off"],"_links":{"self":[{"href":"https:\/\/agercasamons.com\/ca\/wp-json\/wp\/v2\/pages\/1412","targetHints":{"allow":["GET"]}}],"collection":[{"href":"https:\/\/agercasamons.com\/ca\/wp-json\/wp\/v2\/pages"}],"about":[{"href":"https:\/\/agercasamons.com\/ca\/wp-json\/wp\/v2\/types\/page"}],"author":[{"embeddable":true,"href":"https:\/\/agercasamons.com\/ca\/wp-json\/wp\/v2\/users\/1"}],"replies":[{"embeddable":true,"href":"https:\/\/agercasamons.com\/ca\/wp-json\/wp\/v2\/comments?post=1412"}],"version-history":[{"count":12,"href":"https:\/\/agercasamons.com\/ca\/wp-json\/wp\/v2\/pages\/1412\/revisions"}],"predecessor-version":[{"id":2406,"href":"https:\/\/agercasamons.com\/ca\/wp-json\/wp\/v2\/pages\/1412\/revisions\/2406"}],"wp:attachment":[{"href":"https:\/\/agercasamons.com\/ca\/wp-json\/wp\/v2\/media?parent=1412"}],"curies":[{"name":"wp","href":"https:\/\/api.w.org\/{rel}","templated":true}]}}