{"id":1845,"date":"2017-09-27T22:23:01","date_gmt":"2017-09-27T22:23:01","guid":{"rendered":"https:\/\/agercasamons.com\/nosotros\/"},"modified":"2025-06-23T21:02:55","modified_gmt":"2025-06-23T19:02:55","slug":"nosotros","status":"publish","type":"page","link":"https:\/\/agercasamons.com\/ca\/nosotros\/","title":{"rendered":"Nosotres"},"content":{"rendered":"<p>[vc_row][vc_column]<style type=\"text\/css\" data-type=\"the7_shortcodes-inline-css\">.dt-breadcrumbs-id-776d0c3fdba88b1142d6c5e1045778b7 .breadcrumbs {\n  display: inline-block;\n  margin: 0;\n  padding: 2px 10px 2px 10px;\n  background: #ffffff;\n  border: 0px solid ;\n  border-radius: 0px;\n}\n.dt-breadcrumbs-id-776d0c3fdba88b1142d6c5e1045778b7 .breadcrumbs * {\n  text-transform: uppercase;\n  color: #adaba9;\n}\n<\/style><div class=\"dt-breadcrumbs-shortcode dt-breadcrumbs-id-776d0c3fdba88b1142d6c5e1045778b7 align-left\"><div class=\"assistive-text\">You are here:<\/div><ol class=\"breadcrumbs text-small\" itemscope itemtype=\"https:\/\/schema.org\/BreadcrumbList\"><li itemprop=\"itemListElement\" itemscope itemtype=\"https:\/\/schema.org\/ListItem\"><a itemprop=\"item\" href=\"https:\/\/agercasamons.com\/ca\/\" title=\"Home\"><span itemprop=\"name\">Home<\/span><\/a><meta itemprop=\"position\" content=\"1\" \/><\/li><li class=\"current\" itemprop=\"itemListElement\" itemscope itemtype=\"https:\/\/schema.org\/ListItem\"><span itemprop=\"name\">P\u00e0gina<\/span><meta itemprop=\"position\" content=\"2\" \/><\/li><\/ol><\/div>[vc_empty_space height=&#8221;30px&#8221;]<div class=\"dt-fancy-separator h2-size\" style=\"width: 100%;\"><div class=\"dt-fancy-title\" style=\"color: #000000;\"><span class=\"separator-holder separator-left\"><\/span>Sobre nosaltres<span class=\"separator-holder separator-right\"><\/span><\/div><\/div>[vc_empty_space height=&#8221;35px&#8221;][vc_row_inner][vc_column_inner width=&#8221;1\/2&#8243; css=&#8221;.vc_custom_1564453436298{margin-right: 50px !important;margin-left: 30px !important;}&#8221;][vc_empty_space height=&#8221;30px&#8221;][vc_column_text]<\/p>\n<p style=\"text-align: justify;\">La nostra casa rural est\u00e0 situada en el centre hist\u00f2ric d&#8217;\u00c0ger. Est\u00e0 recuperada i restaurada recentment i s&#8217;ha intentat conservar al m\u00e0xim. La decoraci\u00f3 \u00e9s r\u00fastica per\u00f2 amb totes les comoditats. Les 5 habitacions tenen bany privat i calefacci\u00f3 i la zona comuna consta de sal\u00f3 i menjador amb unes vistes espectaculars. La casa t\u00e9\u00a0wi-fi\u00a0per\u00f2 no televisi\u00f3.<\/p>\n<p>[\/vc_column_text][\/vc_column_inner][vc_column_inner width=&#8221;1\/2&#8243; css=&#8221;.vc_custom_1564453470054{margin-right: 30px !important;margin-left: 80px !important;}&#8221;][vc_empty_space height=&#8221;15px&#8221;]<style type=\"text\/css\" data-type=\"the7_shortcodes-inline-css\">.carousel-shortcode.carousel-shortcode-id-47a6bd0c465ffccf89a0d5c43d71d26d .owl-nav a {\n  width: 36px;\n  height: 36px;\n  border-radius: 500px;\n}\n.dt-arrow-border-on.carousel-shortcode.carousel-shortcode-id-47a6bd0c465ffccf89a0d5c43d71d26d .owl-nav a:not(:hover):before {\n  border-width: 0px;\n}\n.dt-arrow-hover-border-on.carousel-shortcode.carousel-shortcode-id-47a6bd0c465ffccf89a0d5c43d71d26d .owl-nav a:hover:after {\n  border-width: 0px;\n}\n.carousel-shortcode.carousel-shortcode-id-47a6bd0c465ffccf89a0d5c43d71d26d .owl-nav a.owl-prev {\n  top: 50%;\n  transform: translateY(calc(-50% + 0px));\n  left: -43px;\n}\n@media all and (-ms-high-contrast: none) {\n  .carousel-shortcode.carousel-shortcode-id-47a6bd0c465ffccf89a0d5c43d71d26d .owl-nav a.owl-prev {\n    transform: translateY(-50%);\n    margin-top: 0px;\n  }\n}\n.carousel-shortcode.carousel-shortcode-id-47a6bd0c465ffccf89a0d5c43d71d26d .owl-nav a.owl-prev i {\n  padding: 0px 0px 0px 0px;\n}\n.carousel-shortcode.carousel-shortcode-id-47a6bd0c465ffccf89a0d5c43d71d26d .owl-nav a.owl-next {\n  top: 50%;\n  transform: translateY(calc(-50% + 0px));\n  right: -43px;\n}\n@media all and (-ms-high-contrast: none) {\n  .carousel-shortcode.carousel-shortcode-id-47a6bd0c465ffccf89a0d5c43d71d26d .owl-nav a.owl-next {\n    transform: translateY(-50%);\n    margin-top: 0px;\n  }\n}\n.carousel-shortcode.carousel-shortcode-id-47a6bd0c465ffccf89a0d5c43d71d26d .owl-nav a.owl-next i {\n  padding: 0px 0px 0px 0px;\n}\n.carousel-shortcode.carousel-shortcode-id-47a6bd0c465ffccf89a0d5c43d71d26d .owl-nav i {\n  font-size: 18px;\n}\n.carousel-shortcode.carousel-shortcode-id-47a6bd0c465ffccf89a0d5c43d71d26d .owl-nav a:not(:hover) i,\n.carousel-shortcode.carousel-shortcode-id-47a6bd0c465ffccf89a0d5c43d71d26d .owl-nav a:not(:hover) i:before {\n  color: #ffffff;\n  background: none;\n}\n.carousel-shortcode.carousel-shortcode-id-47a6bd0c465ffccf89a0d5c43d71d26d .owl-nav a:hover i,\n.carousel-shortcode.carousel-shortcode-id-47a6bd0c465ffccf89a0d5c43d71d26d .owl-nav a:hover i:before {\n  color: rgba(255,255,255,0.75);\n  background: none;\n}\n.carousel-shortcode.carousel-shortcode-id-47a6bd0c465ffccf89a0d5c43d71d26d .owl-dots {\n  top: calc(100% + 20px);\n  left: 50%;\n  transform: translateX(calc(-50% + 0px));\n}\n@media all and (-ms-high-contrast: none) {\n  .carousel-shortcode.carousel-shortcode-id-47a6bd0c465ffccf89a0d5c43d71d26d .owl-dots {\n    transform: translateX(-50%);\n    margin-left: 0px;\n  }\n}\n.carousel-shortcode.carousel-shortcode-id-47a6bd0c465ffccf89a0d5c43d71d26d .owl-dot {\n  width: 10px;\n  height: 10px;\n  margin: 0 8px;\n}\n@media screen and (max-width: 778px) {\n  .carousel-shortcode.carousel-shortcode-id-47a6bd0c465ffccf89a0d5c43d71d26d.hide-arrows .owl-nav a {\n    display: none;\n  }\n}\n@media screen and (max-width: 778px) {\n  .carousel-shortcode.carousel-shortcode-id-47a6bd0c465ffccf89a0d5c43d71d26d.reposition-arrows .owl-nav .owl-prev {\n    top: 50%;\n    transform: translateY(calc(-50% + 0px));\n    left: 10px;\n  }\n  .carousel-shortcode.carousel-shortcode-id-47a6bd0c465ffccf89a0d5c43d71d26d.reposition-arrows .owl-nav .owl-next {\n    top: 50%;\n    transform: translateY(calc(-50% + 0px));\n    right: 10px;\n  }\n}\n@media screen and (max-width: 778px) and all and (-ms-high-contrast: none) {\n  .carousel-shortcode.carousel-shortcode-id-47a6bd0c465ffccf89a0d5c43d71d26d.reposition-arrows .owl-nav .owl-prev {\n    transform: translateY(-50%);\n    margin-top: 0px;\n  }\n}\n@media screen and (max-width: 778px) and all and (-ms-high-contrast: none) {\n  .carousel-shortcode.carousel-shortcode-id-47a6bd0c465ffccf89a0d5c43d71d26d.reposition-arrows .owl-nav .owl-next {\n    transform: translateY(-50%);\n    margin-top: 0px;\n  }\n}\n<\/style><div class=\"owl-carousel carousel-shortcode dt-owl-carousel-call carousel-shortcode-id-47a6bd0c465ffccf89a0d5c43d71d26d bullets-small-dot-stroke reposition-arrows arrows-bg-on dt-arrow-border-on dt-arrow-hover-border-on disable-arrows-hover-bg arrows-hover-bg-on  \" data-scroll-mode=\"1\" data-col-num=\"1\" data-wide-col-num=\"1\" data-laptop-col=\"1\" data-h-tablet-columns-num=\"1\" data-v-tablet-columns-num=\"1\" data-phone-columns-num=\"1\" data-auto-height=\"false\" data-col-gap=\"10\" data-stage-padding=\"0\" data-speed=\"600\" data-autoplay=\"true\" data-autoplay_speed=\"6000\" data-arrows=\"false\" data-bullet=\"false\" data-next-icon=\"icon-ar-017-r\" data-prev-icon=\"icon-ar-017-l\">[vc_single_image image=&#8221;1570&#8243; img_size=&#8221;450&#215;485&#8243;][vc_single_image image=&#8221;1569&#8243; img_size=&#8221;450&#215;485&#8243;][vc_single_image image=&#8221;1629&#8243; img_size=&#8221;450&#215;485&#8243;]<\/div>[\/vc_column_inner][\/vc_row_inner][vc_empty_space height=&#8221;20px&#8221;][\/vc_column][\/vc_row][vc_row][vc_column][vc_empty_space height=&#8221;35px&#8221;][vc_column_text]<\/p>\n<h3 style=\"text-align: center;\">\u00bfQuieres reservar?<\/h3>\n<h5 style=\"text-align: center;\">Troba\u2019ns: C\/ San Mart\u00ed, 5. \u00c0ger (Lleida)<\/h5>\n<h5 style=\"text-align: center;\">Truca\u2019ns: 644 862 320<\/h5>\n<p>[\/vc_column_text][vc_empty_space height=&#8221;15px&#8221;][vc_single_image image=&#8221;1438&#8243; img_size=&#8221;400&#215;173&#8243; alignment=&#8221;center&#8221;][\/vc_column][\/vc_row]<\/p>\n","protected":false},"excerpt":{"rendered":"<p>[vc_row][vc_column][vc_empty_space height=&#8221;30px&#8221;][vc_empty_space height=&#8221;35px&#8221;][vc_row_inner][vc_column_inner width=&#8221;1\/2&#8243; css=&#8221;.vc_custom_1564453436298{margin-right: 50px !important;margin-left: 30px !important;}&#8221;][vc_empty_space height=&#8221;30px&#8221;][vc_column_text] La nostra casa rural est\u00e0 situada en el centre hist\u00f2ric d&#8217;\u00c0ger. Est\u00e0 recuperada i restaurada recentment i s&#8217;ha intentat conservar al m\u00e0xim. La decoraci\u00f3 \u00e9s r\u00fastica per\u00f2 amb totes les comoditats. Les 5 habitacions tenen bany privat i calefacci\u00f3 i la zona comuna consta de&hellip;<\/p>\n","protected":false},"author":1,"featured_media":0,"parent":0,"menu_order":0,"comment_status":"closed","ping_status":"closed","template":"","meta":{"footnotes":""},"class_list":["post-1845","page","type-page","status-publish","hentry","description-off"],"_links":{"self":[{"href":"https:\/\/agercasamons.com\/ca\/wp-json\/wp\/v2\/pages\/1845","targetHints":{"allow":["GET"]}}],"collection":[{"href":"https:\/\/agercasamons.com\/ca\/wp-json\/wp\/v2\/pages"}],"about":[{"href":"https:\/\/agercasamons.com\/ca\/wp-json\/wp\/v2\/types\/page"}],"author":[{"embeddable":true,"href":"https:\/\/agercasamons.com\/ca\/wp-json\/wp\/v2\/users\/1"}],"replies":[{"embeddable":true,"href":"https:\/\/agercasamons.com\/ca\/wp-json\/wp\/v2\/comments?post=1845"}],"version-history":[{"count":6,"href":"https:\/\/agercasamons.com\/ca\/wp-json\/wp\/v2\/pages\/1845\/revisions"}],"predecessor-version":[{"id":2511,"href":"https:\/\/agercasamons.com\/ca\/wp-json\/wp\/v2\/pages\/1845\/revisions\/2511"}],"wp:attachment":[{"href":"https:\/\/agercasamons.com\/ca\/wp-json\/wp\/v2\/media?parent=1845"}],"curies":[{"name":"wp","href":"https:\/\/api.w.org\/{rel}","templated":true}]}}