{"id":2434,"date":"2025-06-17T19:13:45","date_gmt":"2025-06-17T17:13:45","guid":{"rendered":"https:\/\/agercasamons.com\/?page_id=2434"},"modified":"2025-06-17T19:13:45","modified_gmt":"2025-06-17T17:13:45","slug":"politica-de-cookies","status":"publish","type":"page","link":"https:\/\/agercasamons.com\/ca\/politica-de-cookies\/","title":{"rendered":"Pol\u00edtica de Cookies"},"content":{"rendered":"<p>[vc_row margin_top=&#8221;-30&#8243;][vc_column]<style type=\"text\/css\" data-type=\"the7_shortcodes-inline-css\">.dt-breadcrumbs-id-079c4da5c1d886a0801399ffd3938b5a .breadcrumbs {\n  display: inline-block;\n  margin: 0;\n  padding: 2px 10px 2px 10px;\n  background: #ffffff;\n  border: 0px solid ;\n  border-radius: 0px;\n}\n.dt-breadcrumbs-id-079c4da5c1d886a0801399ffd3938b5a .breadcrumbs * {\n  text-transform: uppercase;\n  color: #a2a5a6;\n}\n<\/style><div class=\"dt-breadcrumbs-shortcode dt-breadcrumbs-id-079c4da5c1d886a0801399ffd3938b5a align-left\"><div class=\"assistive-text\">You are here:<\/div><ol class=\"breadcrumbs text-small\" itemscope itemtype=\"https:\/\/schema.org\/BreadcrumbList\"><li itemprop=\"itemListElement\" itemscope itemtype=\"https:\/\/schema.org\/ListItem\"><a itemprop=\"item\" href=\"https:\/\/agercasamons.com\/ca\/\" title=\"Home\"><span itemprop=\"name\">Home<\/span><\/a><meta itemprop=\"position\" content=\"1\" \/><\/li><li class=\"current\" itemprop=\"itemListElement\" itemscope itemtype=\"https:\/\/schema.org\/ListItem\"><span itemprop=\"name\">P\u00e0gina<\/span><meta itemprop=\"position\" content=\"2\" \/><\/li><\/ol><\/div>[vc_empty_space height=&#8221;30px&#8221;]<div class=\"dt-fancy-separator h2-size\" style=\"width: 100%;\"><div class=\"dt-fancy-title\" style=\"color: #000000;\"><span class=\"separator-holder separator-left\"><\/span>Pol\u00edtica de Cookies<span class=\"separator-holder separator-right\"><\/span><\/div><\/div>[vc_empty_space height=&#8221;35px&#8221;][\/vc_column][\/vc_row][vc_row][vc_column css=&#8221;.vc_custom_1582143587851{padding-right: 10% !important;padding-left: 10% !important;}&#8221;][vc_column_text]<\/p>\r\n<p style=\"text-align: left;\">L&#8217;acc\u00e9s a aquest Lloc Web pot implicar la utilitzaci\u00f3 de cookies. Les cookies s\u00f3n petites quantitats d&#8217;informaci\u00f3 que s&#8217;emmagatzemen al navegador utilitzat per cada Usuari -en els diferents dispositius que pugui utilitzar per navegar- perqu\u00e8 el servidor recordi certa informaci\u00f3 que posteriorment i \u00fanicament el servidor que la va implementar llegir\u00e0. Les cookies faciliten la navegaci\u00f3, la fan m\u00e9s amigable i no fan malb\u00e9 el dispositiu de navegaci\u00f3.<\/p>\r\n<p style=\"text-align: left;\">Les cookies s\u00f3n procediments autom\u00e0tics de recollida d&#8217;informaci\u00f3 relativa a les prefer\u00e8ncies determinades per l&#8217;Usuari durant la visita al Lloc Web per tal de recon\u00e8ixer-lo com a Usuari, i personalitzar la seva experi\u00e8ncia i \u00fas del Lloc Web, i poden tamb\u00e9, per exemple, ajudar a identificar i resoldre errors.<\/p>\r\n<p style=\"text-align: left;\">La informaci\u00f3 demanada a trav\u00e9s de les cookies pot incloure la data i hora de visites al Lloc Web, les p\u00e0gines visionades, el temps que ha estat al Lloc Web i els llocs visitats just abans i despr\u00e9s del mateix. Tot i aix\u00f2, cap cookie permet que aquesta mateixa pugui contactar amb el n\u00famero de tel\u00e8fon de l&#8217;Usuari o amb qualsevol altre mitj\u00e0 de contacte personal. Cap cookie no pot extreure informaci\u00f3 del disc dur de l&#8217;Usuari o robar informaci\u00f3 personal. L&#8217;\u00fanica manera que la informaci\u00f3 privada de l&#8217;Usuari formi part del fitxer Cookie \u00e9s que l&#8217;usuari doni personalment aquesta informaci\u00f3 al servidor.<\/p>\r\n<p style=\"text-align: left;\">Les cookies que permeten identificar una persona es consideren dades personals. Per tant, a les mateixes els ser\u00e0 aplicable la Pol\u00edtica de Privadesa anteriorment descrita. En aquest sentit, per utilitzar-les ser\u00e0 necessari el consentiment de l&#8217;Usuari. Aquest consentiment ser\u00e0 comunicat, en base a una elecci\u00f3 aut\u00e8ntica, ofert mitjan\u00e7ant una decisi\u00f3 afirmativa i positiva, abans del tractament inicial, removible i documentat.<\/p>\r\n<p style=\"text-align: left;\">L&#8217;usuari t\u00e9 la possibilitat cada vegada que introdu\u00efu al Lloc Web d&#8217;habilitar i deshabilitar les cookies que preferiu, canviant fins i tot aquesta configuraci\u00f3 durant la mateixa sessi\u00f3 de navegaci\u00f3. A aquest efecte al peu de la p\u00e0gina ser\u00e0 sempre visible un bot\u00f3 \u00abConfiguraci\u00f3\u00bb<\/p>\r\n<p>&nbsp;<\/p>\r\n<p style=\"text-align: left;\"><strong>Cookies pr\u00f2pies<br \/><\/strong>S\u00f3n aquelles cookies que s\u00f3n enviades a l&#8217;ordinador o dispositiu de l&#8217;Usuari i gestionades exclusivament per Ager Casa Mons per al millor funcionament del Lloc Web. La informaci\u00f3 que es recull s&#8217;empra per millorar la qualitat del Lloc Web i el seu Contingut i la seva experi\u00e8ncia com a Usuari. Aquestes cookies permeten recon\u00e8ixer l&#8217;Usuari com a visitant recurrent del Lloc Web i adaptar el contingut per oferir continguts que s&#8217;ajustin a les seves prefer\u00e8ncies.<\/p>\r\n<p>&nbsp;<\/p>\r\n<p style=\"text-align: left;\"><strong>Cookies de xarxes socials<br \/><\/strong>Ager Casa Mons incorpora plugins de xarxes socials, que permeten accedir-hi a partir del lloc web. Per aix\u00f2, les cookies de xarxes socials poden emmagatzemar-se en el navegador de l&#8217;Usuari. cookies i, si escau, del tractament de les seves dades personals. \u00danicament a t\u00edtol informatiu s&#8217;indiquen a continuaci\u00f3 els enlla\u00e7os en qu\u00e8 es poden consultar aquestes pol\u00edtiques de privadesa i\/o de cookies:<\/p>\r\n<p style=\"text-align: left;\"><strong><!-- \/wp:post-content --><\/strong><\/p>\r\n<p style=\"text-align: left;\"><!-- wp:paragraph -->Instagram: https:\/\/help.instagram.com\/1896641480634370?ref=ig<\/p>\r\n<p>&nbsp;<\/p>\r\n<!-- \/wp:paragraph -->\r\n<p style=\"text-align: left;\"><!-- wp:paragraph --><strong>Deshabilitar, rebutjar i eliminar cookies<br \/><\/strong>L&#8217;Usuari pot deshabilitar, rebutjar i eliminar les cookies -total o parcialment- instal\u00b7lades al dispositiu mitjan\u00e7ant la configuraci\u00f3 del vostre navegador (entre els quals es troben, per exemple, Chrome, Firefox, Safari, Explorer). En aquest sentit, els procediments per rebutjar i eliminar les cookies poden diferir d&#8217;un navegador d&#8217;Internet a un altre. En conseq\u00fc\u00e8ncia, l&#8217;Usuari ha d&#8217;acudir a les instruccions facilitades pel navegador d&#8217;Internet mateix que utilitzi. En cas que rebutgeu l&#8217;\u00fas de cookies \u2014totalment o parcialment\u2014 podreu continuar usant el Lloc Web, si b\u00e9 podreu tenir limitada la utilitzaci\u00f3 d&#8217;algunes de les prestacions del mateix.<strong><br \/><\/strong><\/p>\r\n<p>[\/vc_column_text][\/vc_column][\/vc_row]<\/p>","protected":false},"excerpt":{"rendered":"<p>[vc_row margin_top=&#8221;-30&#8243;][vc_column][vc_empty_space height=&#8221;30px&#8221;][vc_empty_space height=&#8221;35px&#8221;][\/vc_column][\/vc_row][vc_row][vc_column css=&#8221;.vc_custom_1582143587851{padding-right: 10% !important;padding-left: 10% !important;}&#8221;][vc_column_text] L&#8217;acc\u00e9s a aquest Lloc Web pot implicar la utilitzaci\u00f3 de cookies. Les cookies s\u00f3n petites quantitats d&#8217;informaci\u00f3 que s&#8217;emmagatzemen al navegador utilitzat per cada Usuari -en els diferents dispositius que pugui utilitzar per navegar- perqu\u00e8 el servidor recordi certa informaci\u00f3 que posteriorment i \u00fanicament el servidor&hellip;<\/p>\n","protected":false},"author":6,"featured_media":0,"parent":0,"menu_order":0,"comment_status":"closed","ping_status":"closed","template":"","meta":{"footnotes":""},"class_list":["post-2434","page","type-page","status-publish","hentry","description-off"],"_links":{"self":[{"href":"https:\/\/agercasamons.com\/ca\/wp-json\/wp\/v2\/pages\/2434","targetHints":{"allow":["GET"]}}],"collection":[{"href":"https:\/\/agercasamons.com\/ca\/wp-json\/wp\/v2\/pages"}],"about":[{"href":"https:\/\/agercasamons.com\/ca\/wp-json\/wp\/v2\/types\/page"}],"author":[{"embeddable":true,"href":"https:\/\/agercasamons.com\/ca\/wp-json\/wp\/v2\/users\/6"}],"replies":[{"embeddable":true,"href":"https:\/\/agercasamons.com\/ca\/wp-json\/wp\/v2\/comments?post=2434"}],"version-history":[{"count":3,"href":"https:\/\/agercasamons.com\/ca\/wp-json\/wp\/v2\/pages\/2434\/revisions"}],"predecessor-version":[{"id":2440,"href":"https:\/\/agercasamons.com\/ca\/wp-json\/wp\/v2\/pages\/2434\/revisions\/2440"}],"wp:attachment":[{"href":"https:\/\/agercasamons.com\/ca\/wp-json\/wp\/v2\/media?parent=2434"}],"curies":[{"name":"wp","href":"https:\/\/api.w.org\/{rel}","templated":true}]}}