{"id":1392,"date":"2020-02-19T20:20:38","date_gmt":"2020-02-19T20:20:38","guid":{"rendered":"https:\/\/agercasamons.com\/?page_id=1392"},"modified":"2025-02-07T17:04:01","modified_gmt":"2025-02-07T17:04:01","slug":"condiciones","status":"publish","type":"page","link":"https:\/\/agercasamons.com\/es\/condiciones\/","title":{"rendered":"Condiciones"},"content":{"rendered":"<p>[vc_row margin_top=\u00bb-30&#8243;][vc_column]<style type=\"text\/css\" data-type=\"the7_shortcodes-inline-css\">.dt-breadcrumbs-id-079c4da5c1d886a0801399ffd3938b5a .breadcrumbs {\n  display: inline-block;\n  margin: 0;\n  padding: 2px 10px 2px 10px;\n  background: #ffffff;\n  border: 0px solid ;\n  border-radius: 0px;\n}\n.dt-breadcrumbs-id-079c4da5c1d886a0801399ffd3938b5a .breadcrumbs * {\n  text-transform: uppercase;\n  color: #a2a5a6;\n}\n<\/style><div class=\"dt-breadcrumbs-shortcode dt-breadcrumbs-id-079c4da5c1d886a0801399ffd3938b5a align-left\"><div class=\"assistive-text\">Est\u00e1s aqu\u00ed:<\/div><ol class=\"breadcrumbs text-small\" itemscope itemtype=\"https:\/\/schema.org\/BreadcrumbList\"><li itemprop=\"itemListElement\" itemscope itemtype=\"https:\/\/schema.org\/ListItem\"><a itemprop=\"item\" href=\"https:\/\/agercasamons.com\/es\/\" title=\"Inicio\"><span itemprop=\"name\">Inicio<\/span><\/a><meta itemprop=\"position\" content=\"1\" \/><\/li><li class=\"current\" itemprop=\"itemListElement\" itemscope itemtype=\"https:\/\/schema.org\/ListItem\"><span itemprop=\"name\">P\u00e1gina<\/span><meta itemprop=\"position\" content=\"2\" \/><\/li><\/ol><\/div>[vc_empty_space height=\u00bb30px\u00bb]<div class=\"dt-fancy-separator h2-size\" style=\"width: 100%;\"><div class=\"dt-fancy-title\" style=\"color: #000000;\"><span class=\"separator-holder separator-left\"><\/span>Condiciones<span class=\"separator-holder separator-right\"><\/span><\/div><\/div>[vc_empty_space height=\u00bb35px\u00bb][\/vc_column][\/vc_row][vc_row][vc_column css=\u00bb.vc_custom_1582143587851{padding-right: 10% !important;padding-left: 10% !important;}\u00bb][vc_column_text]- El precio es habitaci\u00f3n por noche<br \/>\n&#8211; Incluye tasa tur\u00edstica<br \/>\n&#8211; No se admite tarjeta de cr\u00e9dito<br \/>\n&#8211; La entrada es a partir de las 14h hasta las 21h aproximadamente<br \/>\n&#8211; La salida es m\u00e1ximo a las 12h<br \/>\n&#8211; D\u00edas de puente: m\u00ednimo dos noches<br \/>\n&#8211; Menos de 3 a\u00f1os no pagan alojamiento<\/p>\n<p>&#8211; Se admiten mascotas (la tasa ser\u00e1 de 10\u20ac\/d\u00eda) (consultar condiciones)<\/p>\n<ul>\n<li style=\"list-style-type: none;\">\n<ul>\n<li>Al hacer la reserva se tiene que especificar si se viene con mascota<\/li>\n<li>Se admite una mascota en la casa. Eso quiere decir que, si otro hu\u00e9sped ha reservado antes, no se admite otra mascota de otro hu\u00e9sped (queremos evitar problemas entre otras mascotas y molestias)<\/li>\n<li>La pol\u00edtica de mascotas ser\u00e1 muy estricta:<\/li>\n<li>No se pueden dejar solas en la habitaci\u00f3n, no pueden ir a las zonas comunes, no se pueden ba\u00f1ar en las duchas ni secarlas con las toallas de la casa<\/li>\n<li>Deben llevar todas las vacunas y antipar\u00e1sitos al d\u00eda<\/li>\n<li>Deben ir atadas al entrar y salir de la casa<\/li>\n<li>Entendemos que los propietarios ser\u00e1nrespetuosos con el sitio donde se alojan y con los otros hu\u00e9spedes y actuaran en consecuencia<\/li>\n<\/ul>\n<\/li>\n<\/ul>\n<p>&#8211; Pol\u00edtica de reserva<\/p>\n<ul>\n<li style=\"list-style-type: none;\">\n<ul>\n<li>Se pedir\u00e1 un 30% de dep\u00f3sito para hacer efectiva la reserva<\/li>\n<li>En caso de no venir o cancelaci\u00f3n el mismo d\u00eda, nos reservamos el derecho de no retorno de dicho deposito en concepto de perjuicio<\/li>\n<li>Si se hace una anulaci\u00f3n con 15 d\u00edas de antelaci\u00f3n, se devolver\u00e1 el 50%<\/li>\n<\/ul>\n<\/li>\n<\/ul>\n<p>&#8211; Condiciones de la casa:<\/p>\n<ul>\n<li style=\"list-style-type: none;\">\n<ul>\n<li>No est\u00e1 permitido fumar en toda la casa<\/li>\n<li>Para desayunos y cenas consultar<\/li>\n<\/ul>\n<\/li>\n<\/ul>\n<p>[\/vc_column_text][\/vc_column][\/vc_row]<\/p>\n","protected":false},"excerpt":{"rendered":"<p>[vc_row margin_top=\u00bb-30&#8243;][vc_column][vc_empty_space height=\u00bb30px\u00bb][vc_empty_space height=\u00bb35px\u00bb][\/vc_column][\/vc_row][vc_row][vc_column css=\u00bb.vc_custom_1582143587851{padding-right: 10% !important;padding-left: 10% !important;}\u00bb][vc_column_text]- El precio es habitaci\u00f3n por noche &#8211; Incluye tasa tur\u00edstica &#8211; No se admite tarjeta de cr\u00e9dito &#8211; La entrada es a partir de las 14h hasta las 21h aproximadamente &#8211; La salida es m\u00e1ximo a las 12h &#8211; D\u00edas de puente: m\u00ednimo dos noches &#8211;&hellip;<\/p>\n","protected":false},"author":1,"featured_media":0,"parent":0,"menu_order":0,"comment_status":"closed","ping_status":"closed","template":"","meta":{"footnotes":""},"class_list":["post-1392","page","type-page","status-publish","hentry","description-off"],"_links":{"self":[{"href":"https:\/\/agercasamons.com\/es\/wp-json\/wp\/v2\/pages\/1392","targetHints":{"allow":["GET"]}}],"collection":[{"href":"https:\/\/agercasamons.com\/es\/wp-json\/wp\/v2\/pages"}],"about":[{"href":"https:\/\/agercasamons.com\/es\/wp-json\/wp\/v2\/types\/page"}],"author":[{"embeddable":true,"href":"https:\/\/agercasamons.com\/es\/wp-json\/wp\/v2\/users\/1"}],"replies":[{"embeddable":true,"href":"https:\/\/agercasamons.com\/es\/wp-json\/wp\/v2\/comments?post=1392"}],"version-history":[{"count":15,"href":"https:\/\/agercasamons.com\/es\/wp-json\/wp\/v2\/pages\/1392\/revisions"}],"predecessor-version":[{"id":2405,"href":"https:\/\/agercasamons.com\/es\/wp-json\/wp\/v2\/pages\/1392\/revisions\/2405"}],"wp:attachment":[{"href":"https:\/\/agercasamons.com\/es\/wp-json\/wp\/v2\/media?parent=1392"}],"curies":[{"name":"wp","href":"https:\/\/api.w.org\/{rel}","templated":true}]}}